{"id":55,"date":"2023-08-09T08:56:44","date_gmt":"2023-08-09T08:56:44","guid":{"rendered":"http:\/\/pointingmarket.com\/about\/"},"modified":"2025-04-23T23:09:36","modified_gmt":"2025-04-23T23:09:36","slug":"about","status":"publish","type":"page","link":"https:\/\/pointingmarket.com\/es\/about\/","title":{"rendered":"Nosotros"},"content":{"rendered":"<div class=\"wp-block-uagb-container uagb-block-41700def alignfull uagb-is-root-container\"><div class=\"uagb-container-inner-blocks-wrap\">\n<div class=\"wp-block-uagb-advanced-heading uagb-block-02771c86\"><h1 class=\"uagb-heading-text\">Sea parte de la revoluci\u00f3n digital<\/h1><p class=\"uagb-desc-text\">Utilizamos nuestra experiencia, conocimiento y tecnolog\u00eda para promover su negocio y servicios entre clientes potenciales<\/p><\/div>\n<\/div><\/div>\n\n\n\n<div class=\"wp-block-uagb-container uagb-block-6a29494b alignfull uagb-is-root-container\"><div class=\"uagb-container-inner-blocks-wrap\">\n<div class=\"wp-block-uagb-container uagb-block-a30e429e\">\n<div class=\"wp-block-uagb-advanced-heading uagb-block-0792c003\"><h2 class=\"uagb-heading-text\">Pointing Market<\/h2><\/div>\n\n\n\n<div class=\"wp-block-uagb-image uagb-block-437f6429 wp-block-uagb-image--layout-default wp-block-uagb-image--effect-static wp-block-uagb-image--align-none\"><figure class=\"wp-block-uagb-image__figure\"><img data-recalc-dims=\"1\" loading=\"lazy\" decoding=\"async\" srcset=\"https:\/\/pointingmarket.com\/wp-content\/uploads\/2024\/02\/One-Stop-digital-services-12.png ,https:\/\/pointingmarket.com\/wp-content\/uploads\/2024\/02\/One-Stop-digital-services-12.png 780w, https:\/\/pointingmarket.com\/wp-content\/uploads\/2024\/02\/One-Stop-digital-services-12.png 360w\" sizes=\"auto, (max-width: 480px) 150px\" src=\"https:\/\/i0.wp.com\/pointingmarket.com\/wp-content\/uploads\/2024\/02\/One-Stop-digital-services-12.png?resize=779%2C430&#038;ssl=1\" alt=\"One-Stop digital services\" class=\"uag-image-887\" width=\"779\" height=\"430\" title=\"\" role=\"img\"\/><\/figure><\/div>\n<\/div>\n\n\n\n<div class=\"wp-block-uagb-container uagb-block-7de03810\">\n<p class=\"has-text-align-center has-small-font-size\">Pointing Market se compromete a ofrecer resultados excepcionales y capacitar a las empresas para que prosperen en el panorama digital.<br>Fundada y administrada por Carlos Le\u00f3n, un experimentado estratega y dise\u00f1ador digital con m\u00e1s de una d\u00e9cada de experiencia en la industria, altas habilidades como estratega de negocios y una fuerte presencia en las redes sociales (4312 conexiones y 8112 contactos en LinkedIn).<br>Ofrecemos servicios como el dise\u00f1o de una estrategia digital, la creaci\u00f3n de la imagen gr\u00e1fica adecuada, el dise\u00f1o de canales en l\u00ednea y la selecci\u00f3n de plataformas de medios sociales para llegar a nuestros clientes objetivo.<br>Este conocimiento se obtiene a trav\u00e9s de una compleja amalgama de experiencias y formaci\u00f3n profesional.<\/p>\n\n\n\n<div class=\"wp-block-uagb-advanced-heading uagb-block-3336a393\"><p class=\"uagb-desc-text\">Nuestra cartera de clientes incluye desde peque\u00f1as empresas de nueva creaci\u00f3n hasta medianas empresas. Estamos orgullosos de nuestra capacidad para comprender las necesidades espec\u00edficas de nuestros clientes y ofrecer soluciones personalizadas que generen resultados. Con un historial probado de satisfacci\u00f3n del cliente, nuestro objetivo es convertirnos en el servicio digital integral para las peque\u00f1as y medianas empresas que buscan establecer una s\u00f3lida presencia en l\u00ednea.<\/p><\/div>\n<\/div>\n<\/div><\/div>\n\n\n\n<div class=\"wp-block-uagb-container uagb-block-a1bf8aff alignfull uagb-is-root-container\"><div class=\"uagb-container-inner-blocks-wrap\">\n<div class=\"wp-block-uagb-image aligncenter uagb-block-9bfca074 wp-block-uagb-image--layout-default wp-block-uagb-image--effect-static wp-block-uagb-image--align-center\"><figure class=\"wp-block-uagb-image__figure\"><img data-recalc-dims=\"1\" loading=\"lazy\" decoding=\"async\" srcset=\"https:\/\/pointingmarket.com\/wp-content\/uploads\/2024\/01\/pexels-photo-265087-scaled-1.jpeg ,https:\/\/pointingmarket.com\/wp-content\/uploads\/2024\/01\/pexels-photo-265087-scaled-1.jpeg 780w, https:\/\/pointingmarket.com\/wp-content\/uploads\/2024\/01\/pexels-photo-265087-scaled-1.jpeg 360w\" sizes=\"auto, (max-width: 480px) 150px\" src=\"https:\/\/i0.wp.com\/pointingmarket.com\/wp-content\/uploads\/2024\/01\/pexels-photo-265087-scaled-1.jpeg?resize=1200%2C500&#038;ssl=1\" alt=\"\" class=\"uag-image-577\" width=\"1200\" height=\"500\" title=\"\" role=\"img\"\/><\/figure><\/div>\n<\/div><\/div>\n\n\n\n<div class=\"wp-block-uagb-container uagb-block-aad05072 alignfull uagb-is-root-container\"><div class=\"uagb-container-inner-blocks-wrap\">\n<div class=\"wp-block-uagb-container uagb-block-4f1303da\">\n<div class=\"wp-block-uagb-advanced-heading uagb-block-30ea4553\"><h2 class=\"uagb-heading-text\">Porqu\u00e9  Pointing Market?<\/h2><\/div>\n<\/div>\n\n\n\n<p class=\"has-text-align-center has-small-font-size\">Nos encanta la Comunicaci\u00f3n y el Marketing. Somos tu vecino. Sabemos c\u00f3mo ayudarte. Sabemos lo que es el Servicio de Atenci\u00f3n al Cliente. Ofrecemos diversos servicios, incluyendo dise\u00f1o de estrategias digitales, creaci\u00f3n de im\u00e1genes gr\u00e1ficas adecuadas, dise\u00f1o de canales online y selecci\u00f3n de redes sociales para llegar al p\u00fablico objetivo. Nuestro equipo ha adquirido este conocimiento a trav\u00e9s de a\u00f1os de formaci\u00f3n y experiencia profesional. Como sus vecinos, comprendemos bien el nicho de mercado y podemos ayudarlo a identificar oportunidades de mercado y generar ventas de manera efectiva. Pointing Market proporciona<\/p>\n\n\n\n<div class=\"wp-block-uagb-container uagb-block-e78a878f alignfull uagb-is-root-container\"><div class=\"uagb-container-inner-blocks-wrap\">\n<div class=\"wp-block-uagb-container uagb-block-9a72c68c\">\n<div class=\"wp-block-uagb-advanced-heading uagb-block-373aa371\"><h6 class=\"uagb-heading-text\">01<\/h6><\/div>\n\n\n\n<div class=\"wp-block-uagb-advanced-heading uagb-block-0447a735\"><h5 class=\"uagb-heading-text\">Experiencia Profesional<\/h5><p class=\"uagb-desc-text\">Nuestro equipo est\u00e1 formado por profesionales altamente cualificados y experimentados, expertos en sus respectivos campos. Con a\u00f1os de experiencia en el sector, aportamos conocimientos valiosos y soluciones innovadoras a cada proyecto que emprendemos.<\/p><\/div>\n<\/div>\n\n\n\n<div class=\"wp-block-uagb-container uagb-block-d5275fb6\">\n<div class=\"wp-block-uagb-advanced-heading uagb-block-356baba6\"><h6 class=\"uagb-heading-text\">02<\/h6><\/div>\n\n\n\n<div class=\"wp-block-uagb-advanced-heading uagb-block-b8ea6450\"><h5 class=\"uagb-heading-text\">Enfoque Personalizado<\/h5><p class=\"uagb-desc-text\">Creemos en un enfoque personalizado para cada proyecto. Nos tomamos el tiempo para comprender las metas y objetivos espec\u00edficos de nuestros clientes, lo que nos permite crear estrategias y dise\u00f1os personalizados que se alinean perfectamente con su marca y p\u00fablico objetivo.<\/p><\/div>\n<\/div>\n\n\n\n<div class=\"wp-block-uagb-container uagb-block-0b9f5269\">\n<div class=\"wp-block-uagb-advanced-heading uagb-block-f6632eaf\"><h6 class=\"uagb-heading-text\">03<\/h6><\/div>\n\n\n\n<div class=\"wp-block-uagb-advanced-heading uagb-block-60ecc9ce\"><h5 class=\"uagb-heading-text\">Resultados Excepcionales<\/h5><p class=\"uagb-desc-text\">Nuestro compromiso con la excelencia se refleja en los resultados excepcionales que brindamos. Combinamos pensamiento creativo, experiencia t\u00e9cnica y estrategias basadas en datos para ayudar a nuestros clientes a alcanzar sus objetivos de dise\u00f1o y marketing digital.<\/p><\/div>\n<\/div>\n<\/div><\/div>\n<\/div><\/div>\n\n\n\n<div class=\"wp-block-uagb-advanced-heading uagb-block-6ffd615a\"><h3 class=\"uagb-heading-text\">Conozca a Nuestri Talentoso Equipo<\/h3><\/div>\n\n\n\n<div class=\"wp-block-uagb-container uagb-block-157f29c7 alignfull uagb-is-root-container\"><div class=\"uagb-container-inner-blocks-wrap\">\n<div class=\"wp-block-uagb-container uagb-block-ecfbaf64\">\n<div class=\"wp-block-uagb-image alignleft uagb-block-37e7dfb5 wp-block-uagb-image--layout-default wp-block-uagb-image--effect-static wp-block-uagb-image--align-left\"><figure class=\"wp-block-uagb-image__figure\"><img data-recalc-dims=\"1\" loading=\"lazy\" decoding=\"async\" srcset=\"https:\/\/pointingmarket.com\/wp-content\/uploads\/2024\/02\/One-Stop-digital-services-21-950x1024.jpg ,https:\/\/pointingmarket.com\/wp-content\/uploads\/2024\/02\/One-Stop-digital-services-21.jpg 780w, https:\/\/pointingmarket.com\/wp-content\/uploads\/2024\/02\/One-Stop-digital-services-21.jpg 360w\" sizes=\"auto, (max-width: 480px) 150px\" src=\"https:\/\/i0.wp.com\/pointingmarket.com\/wp-content\/uploads\/2024\/02\/One-Stop-digital-services-21.jpg?resize=860%2C360&#038;ssl=1\" alt=\"One-Stop digital services\" class=\"uag-image-909\" width=\"860\" height=\"360\" title=\"\" role=\"img\"\/><\/figure><\/div>\n\n\n\n<div class=\"wp-block-uagb-advanced-heading uagb-block-4fee11bd\"><h4 class=\"uagb-heading-text\">Ingemier+ia de Sistemas<\/h4><\/div>\n<\/div>\n\n\n\n<div class=\"wp-block-uagb-container uagb-block-bb4fd541\">\n<div class=\"wp-block-uagb-image aligncenter uagb-block-6fd2d735 wp-block-uagb-image--layout-default wp-block-uagb-image--effect-static wp-block-uagb-image--align-center\"><figure class=\"wp-block-uagb-image__figure\"><img data-recalc-dims=\"1\" loading=\"lazy\" decoding=\"async\" srcset=\"https:\/\/pointingmarket.com\/wp-content\/uploads\/2024\/02\/Carlos-Leon-de-Osa.jpg ,https:\/\/pointingmarket.com\/wp-content\/uploads\/2024\/02\/Carlos-Leon-de-Osa-e1706761729737.jpg 780w, https:\/\/pointingmarket.com\/wp-content\/uploads\/2024\/02\/Carlos-Leon-de-Osa-e1706761729737.jpg 360w\" sizes=\"auto, (max-width: 480px) 150px\" src=\"https:\/\/i0.wp.com\/pointingmarket.com\/wp-content\/uploads\/2024\/02\/Carlos-Leon-de-Osa.jpg?resize=551%2C594&#038;ssl=1\" alt=\"One-Stop digital services\" class=\"uag-image-903\" width=\"551\" height=\"594\" title=\"\" role=\"img\"\/><\/figure><\/div>\n\n\n\n<div class=\"wp-block-uagb-advanced-heading uagb-block-73091e37\"><h4 class=\"uagb-heading-text\">CEO y Fundador<\/h4><p class=\"uagb-desc-text\">FINANCIAL AND DIGITAL STRATEGIES<\/p><\/div>\n<\/div>\n\n\n\n<div class=\"wp-block-uagb-container uagb-block-e0ac47fe\">\n<div class=\"wp-block-uagb-image alignleft uagb-block-2f5e90f8 wp-block-uagb-image--layout-default wp-block-uagb-image--effect-static wp-block-uagb-image--align-left\"><figure class=\"wp-block-uagb-image__figure\"><img data-recalc-dims=\"1\" loading=\"lazy\" decoding=\"async\" srcset=\"https:\/\/pointingmarket.com\/wp-content\/uploads\/2024\/02\/One-Stop-digital-services-crop-920x1024.jpg ,https:\/\/pointingmarket.com\/wp-content\/uploads\/2024\/02\/One-Stop-digital-services-crop.jpg 780w, https:\/\/pointingmarket.com\/wp-content\/uploads\/2024\/02\/One-Stop-digital-services-crop.jpg 360w\" sizes=\"auto, (max-width: 480px) 150px\" src=\"https:\/\/i0.wp.com\/pointingmarket.com\/wp-content\/uploads\/2024\/02\/One-Stop-digital-services-crop.jpg?resize=838%2C367&#038;ssl=1\" alt=\"One-Stop digital services\" class=\"uag-image-910\" width=\"838\" height=\"367\" title=\"\" role=\"img\"\/><\/figure><\/div>\n\n\n\n<div class=\"wp-block-uagb-advanced-heading uagb-block-e45d7755\"><h4 class=\"uagb-heading-text\">Dise\u00f1o Gr\u00e1fico<\/h4><\/div>\n<\/div>\n<\/div><\/div>\n\n\n\n<div class=\"wp-block-uagb-buttons uagb-buttons__outer-wrap uagb-btn__default-btn uagb-btn-tablet__default-btn uagb-btn-mobile__default-btn uagb-block-794295a5\"><div class=\"uagb-buttons__wrap uagb-buttons-layout-wrap\">\n<div class=\"wp-block-uagb-buttons-child uagb-buttons__outer-wrap uagb-block-35d28574 wp-block-button\"><div class=\"uagb-button__wrapper\"><a class=\"uagb-buttons-repeater wp-block-button__link\" aria-label=\"\" href=\"\/es\/contact\/\" rel=\"follow noopener\" target=\"_self\" role=\"button\"><div class=\"uagb-button__link\">Empezar<\/div><\/a><\/div><\/div>\n<\/div><\/div>\n\n\n\n<div class=\"wp-block-uagb-container uagb-block-cb5dcb1f alignfull uagb-is-root-container\"><div class=\"uagb-container-inner-blocks-wrap\"><\/div><\/div>\n\n\n\n<p><\/p>","protected":false},"excerpt":{"rendered":"<p>Experience the Digital Revolution We use our experience, knowledge, and technology to promote your business and services to potential clients. About Pointing Market Pointing Market is committed to delivering exceptional results and empowering businesses to thrive in the digital landscape.Founded and managed by Carlos Leon, a seasoned digital strategist and designer with over a decade [&hellip;]<\/p>\n","protected":false},"author":1,"featured_media":0,"parent":0,"menu_order":0,"comment_status":"closed","ping_status":"closed","template":"","meta":{"_uag_custom_page_level_css":"","site-sidebar-layout":"no-sidebar","site-content-layout":"plain-container","ast-site-content-layout":"normal-width-container","site-content-style":"unboxed","site-sidebar-style":"unboxed","ast-global-header-display":"","ast-banner-title-visibility":"","ast-main-header-display":"","ast-hfb-above-header-display":"","ast-hfb-below-header-display":"","ast-hfb-mobile-header-display":"","site-post-title":"disabled","ast-breadcrumbs-content":"","ast-featured-img":"","footer-sml-layout":"","ast-disable-related-posts":"","theme-transparent-header-meta":"enabled","adv-header-id-meta":"","stick-header-meta":"","header-above-stick-meta":"","header-main-stick-meta":"","header-below-stick-meta":"","astra-migrate-meta-layouts":"set","ast-page-background-enabled":"default","ast-page-background-meta":{"desktop":{"background-color":"var(--ast-global-color-4)","background-image":"","background-repeat":"repeat","background-position":"center center","background-size":"auto","background-attachment":"scroll","background-type":"","background-media":"","overlay-type":"","overlay-color":"","overlay-opacity":"","overlay-gradient":""},"tablet":{"background-color":"","background-image":"","background-repeat":"repeat","background-position":"center center","background-size":"auto","background-attachment":"scroll","background-type":"","background-media":"","overlay-type":"","overlay-color":"","overlay-opacity":"","overlay-gradient":""},"mobile":{"background-color":"","background-image":"","background-repeat":"repeat","background-position":"center center","background-size":"auto","background-attachment":"scroll","background-type":"","background-media":"","overlay-type":"","overlay-color":"","overlay-opacity":"","overlay-gradient":""}},"ast-content-background-meta":{"desktop":{"background-color":"var(--ast-global-color-5)","background-image":"","background-repeat":"repeat","background-position":"center center","background-size":"auto","background-attachment":"scroll","background-type":"","background-media":"","overlay-type":"","overlay-color":"","overlay-opacity":"","overlay-gradient":""},"tablet":{"background-color":"var(--ast-global-color-5)","background-image":"","background-repeat":"repeat","background-position":"center center","background-size":"auto","background-attachment":"scroll","background-type":"","background-media":"","overlay-type":"","overlay-color":"","overlay-opacity":"","overlay-gradient":""},"mobile":{"background-color":"var(--ast-global-color-5)","background-image":"","background-repeat":"repeat","background-position":"center center","background-size":"auto","background-attachment":"scroll","background-type":"","background-media":"","overlay-type":"","overlay-color":"","overlay-opacity":"","overlay-gradient":""}},"_joinchat":[],"footnotes":""},"class_list":["post-55","page","type-page","status-publish","hentry"],"spectra_custom_meta":{"_customize_changeset_uuid":["c2d43bd5-516c-452a-9836-a288f78a5e2e"],"site-sidebar-layout":["no-sidebar"],"site-content-layout":["plain-container"],"site-post-title":["disabled"],"theme-transparent-header-meta":["enabled"],"ast-site-content-layout":["normal-width-container"],"site-content-style":["unboxed"],"site-sidebar-style":["unboxed"],"astra-migrate-meta-layouts":["set"],"_wxr_import_user_slug":["RP53K2X1TfQm"],"_astra_sites_imported_post":["1"],"_astra_sites_enable_for_batch":["1"],"_edit_lock":["1745449778:1"],"_edit_last":["1"],"speedycache_post_meta":["a:0:{}"],"litespeed_vpi_list":["a:3:{i:0;s:81:\"POINTING-MARKET-digital-marketing-web-design-graphic-design-Costa-Rica-120x64.png\";i:1;s:32:\"One-Stop-digital-services-12.png\";i:2;s:9:\"en_US.png\";}"],"_uagb_previous_block_counts":["a:90:{s:21:\"uagb\/advanced-heading\";i:14;s:15:\"uagb\/blockquote\";i:0;s:12:\"uagb\/buttons\";i:1;s:18:\"uagb\/buttons-child\";i:1;s:19:\"uagb\/call-to-action\";i:0;s:15:\"uagb\/cf7-styler\";i:0;s:11:\"uagb\/column\";i:0;s:12:\"uagb\/columns\";i:0;s:14:\"uagb\/container\";i:15;s:21:\"uagb\/content-timeline\";i:0;s:27:\"uagb\/content-timeline-child\";i:0;s:14:\"uagb\/countdown\";i:0;s:12:\"uagb\/counter\";i:0;s:8:\"uagb\/faq\";i:0;s:14:\"uagb\/faq-child\";i:0;s:10:\"uagb\/forms\";i:0;s:17:\"uagb\/forms-accept\";i:0;s:19:\"uagb\/forms-checkbox\";i:0;s:15:\"uagb\/forms-date\";i:0;s:16:\"uagb\/forms-email\";i:0;s:17:\"uagb\/forms-hidden\";i:0;s:15:\"uagb\/forms-name\";i:0;s:16:\"uagb\/forms-phone\";i:0;s:16:\"uagb\/forms-radio\";i:0;s:17:\"uagb\/forms-select\";i:0;s:19:\"uagb\/forms-textarea\";i:0;s:17:\"uagb\/forms-toggle\";i:0;s:14:\"uagb\/forms-url\";i:0;s:14:\"uagb\/gf-styler\";i:0;s:15:\"uagb\/google-map\";i:0;s:11:\"uagb\/how-to\";i:0;s:16:\"uagb\/how-to-step\";i:0;s:9:\"uagb\/icon\";i:0;s:14:\"uagb\/icon-list\";i:0;s:20:\"uagb\/icon-list-child\";i:0;s:10:\"uagb\/image\";i:5;s:18:\"uagb\/image-gallery\";i:0;s:13:\"uagb\/info-box\";i:0;s:18:\"uagb\/inline-notice\";i:0;s:11:\"uagb\/lottie\";i:0;s:21:\"uagb\/marketing-button\";i:0;s:10:\"uagb\/modal\";i:0;s:18:\"uagb\/popup-builder\";i:0;s:16:\"uagb\/post-button\";i:0;s:18:\"uagb\/post-carousel\";i:0;s:17:\"uagb\/post-excerpt\";i:0;s:14:\"uagb\/post-grid\";i:0;s:15:\"uagb\/post-image\";i:0;s:17:\"uagb\/post-masonry\";i:0;s:14:\"uagb\/post-meta\";i:0;s:18:\"uagb\/post-taxonomy\";i:0;s:18:\"uagb\/post-timeline\";i:0;s:15:\"uagb\/post-title\";i:0;s:20:\"uagb\/restaurant-menu\";i:0;s:26:\"uagb\/restaurant-menu-child\";i:0;s:11:\"uagb\/review\";i:0;s:12:\"uagb\/section\";i:0;s:14:\"uagb\/separator\";i:0;s:11:\"uagb\/slider\";i:0;s:17:\"uagb\/slider-child\";i:0;s:17:\"uagb\/social-share\";i:0;s:23:\"uagb\/social-share-child\";i:0;s:16:\"uagb\/star-rating\";i:0;s:23:\"uagb\/sure-cart-checkout\";i:0;s:22:\"uagb\/sure-cart-product\";i:0;s:15:\"uagb\/sure-forms\";i:0;s:22:\"uagb\/table-of-contents\";i:0;s:9:\"uagb\/tabs\";i:0;s:15:\"uagb\/tabs-child\";i:0;s:18:\"uagb\/taxonomy-list\";i:0;s:9:\"uagb\/team\";i:0;s:16:\"uagb\/testimonial\";i:0;s:14:\"uagb\/wp-search\";i:0;s:19:\"uagb\/instagram-feed\";i:0;s:10:\"uagb\/login\";i:0;s:17:\"uagb\/loop-builder\";i:0;s:18:\"uagb\/loop-category\";i:0;s:20:\"uagb\/loop-pagination\";i:0;s:15:\"uagb\/loop-reset\";i:0;s:16:\"uagb\/loop-search\";i:0;s:14:\"uagb\/loop-sort\";i:0;s:17:\"uagb\/loop-wrapper\";i:0;s:13:\"uagb\/register\";i:0;s:19:\"uagb\/register-email\";i:0;s:24:\"uagb\/register-first-name\";i:0;s:23:\"uagb\/register-last-name\";i:0;s:22:\"uagb\/register-password\";i:0;s:30:\"uagb\/register-reenter-password\";i:0;s:19:\"uagb\/register-terms\";i:0;s:22:\"uagb\/register-username\";i:0;}"],"_uag_css_file_name":["uag-css-55.css"],"_uag_js_file_name":["uag-js-55.js"]},"uagb_featured_image_src":{"full":false,"thumbnail":false,"medium":false,"medium_large":false,"large":false,"1536x1536":false,"2048x2048":false,"trp-custom-language-flag":false},"uagb_author_info":{"display_name":"carlos@pointingmarket.com","author_link":"https:\/\/pointingmarket.com\/es\/author\/carlospointingmarket-com\/"},"uagb_comment_info":0,"uagb_excerpt":"Experience the Digital Revolution We use our experience, knowledge, and technology to promote your business and services to potential clients. About Pointing Market Pointing Market is committed to delivering exceptional results and empowering businesses to thrive in the digital landscape.Founded and managed by Carlos Leon, a seasoned digital strategist and designer with over a decade&hellip;","_links":{"self":[{"href":"https:\/\/pointingmarket.com\/es\/wp-json\/wp\/v2\/pages\/55","targetHints":{"allow":["GET"]}}],"collection":[{"href":"https:\/\/pointingmarket.com\/es\/wp-json\/wp\/v2\/pages"}],"about":[{"href":"https:\/\/pointingmarket.com\/es\/wp-json\/wp\/v2\/types\/page"}],"author":[{"embeddable":true,"href":"https:\/\/pointingmarket.com\/es\/wp-json\/wp\/v2\/users\/1"}],"replies":[{"embeddable":true,"href":"https:\/\/pointingmarket.com\/es\/wp-json\/wp\/v2\/comments?post=55"}],"version-history":[{"count":43,"href":"https:\/\/pointingmarket.com\/es\/wp-json\/wp\/v2\/pages\/55\/revisions"}],"predecessor-version":[{"id":1444,"href":"https:\/\/pointingmarket.com\/es\/wp-json\/wp\/v2\/pages\/55\/revisions\/1444"}],"wp:attachment":[{"href":"https:\/\/pointingmarket.com\/es\/wp-json\/wp\/v2\/media?parent=55"}],"curies":[{"name":"wp","href":"https:\/\/api.w.org\/{rel}","templated":true}]}}